{"id":49,"date":"2023-05-17T11:05:03","date_gmt":"2023-05-17T11:05:03","guid":{"rendered":"https:\/\/themeholy.com\/wordpress\/dride\/?page_id=49"},"modified":"2025-09-01T21:53:39","modified_gmt":"2025-09-01T21:53:39","slug":"course","status":"publish","type":"page","link":"https:\/\/vivat.ee\/ru\/course\/","title":{"rendered":"\u041a\u0443\u0440\u0441\u044b"},"content":{"rendered":"<div data-elementor-type=\"wp-page\" data-elementor-id=\"49\" class=\"elementor elementor-49\">\n\t\t\t\t\t\t<section class=\"elementor-section elementor-top-section elementor-element elementor-element-3cc0e4ef elementor-section-full_width elementor-section-height-default elementor-section-height-default\" data-id=\"3cc0e4ef\" data-element_type=\"section\" data-settings=\"{&quot;background_background&quot;:&quot;classic&quot;}\">\n\t\t\t\t\t\t<div class=\"elementor-container elementor-column-gap-no\">\n\t\t\t\t\t<div class=\"elementor-column elementor-col-100 elementor-top-column elementor-element elementor-element-4461c148\" data-id=\"4461c148\" data-element_type=\"column\">\n\t\t\t<div class=\"elementor-widget-wrap elementor-element-populated\">\n\t\t\t\t\t\t<section class=\"elementor-section elementor-inner-section elementor-element elementor-element-41f7d0d5 elementor-section-boxed elementor-section-height-default elementor-section-height-default\" data-id=\"41f7d0d5\" data-element_type=\"section\">\n\t\t\t\t\t\t<div class=\"elementor-container elementor-column-gap-no\">\n\t\t\t\t\t<div class=\"elementor-column elementor-col-100 elementor-inner-column elementor-element elementor-element-cb6bb3c\" data-id=\"cb6bb3c\" data-element_type=\"column\">\n\t\t\t<div class=\"elementor-widget-wrap elementor-element-populated\">\n\t\t\t\t\t\t<div class=\"elementor-element elementor-element-7c105063 elementor-widget elementor-widget-dridecourse\" data-id=\"7c105063\" data-element_type=\"widget\" data-widget_type=\"dridecourse.default\">\n\t\t\t\t<div class=\"elementor-widget-container\">\n\t\t\t\t\t<style>.price-wrap::before { width: 100% !important; }<\/style><div class=\"course_2 arrow-wrap\"><div class=\"row gy-30\"><div class=\"col-12\"><div class=\"course-card style2\"><div class=\"course-card_img\"><img decoding=\"async\" src=\"https:\/\/vivat.ee\/wp-content\/uploads\/2025\/06\/IMG_0301.jpg\" alt=\"IMG_0301\"  \/><\/div><div class=\"course-card_content\"><div class=\"price-wrap\" style=\"width: max-content !important;\"><span class=\"price\">\u041a\u0443\u0440\u0441\u044b<\/span><\/div><h3 class=\"box-title\"><a href=\"\">\u041a\u0430\u0442\u0435\u0433\u043e\u0440\u0438\u044f B<\/a><\/h3><p class=\"course-card_text\">\u041c\u0438\u043d\u0438\u043c\u0430\u043b\u044c\u043d\u044b\u0439 \u043e\u0431\u044a\u0435\u043c \u043e\u0431\u0443\u0447\u0435\u043d\u0438\u044f \u0441\u043e\u0441\u0442\u0430\u0432\u043b\u044f\u0435\u0442 28 \u0447\u0430\u0441\u043e\u0432 \u0442\u0435\u043e\u0440\u0438\u0438 \u043f\u043e 45 \u043c\u0438\u043d\u0443\u0442 (\u0432\u043d\u0443\u0442\u0440\u0435\u043d\u043d\u0438\u0439 \u044d\u043a\u0437\u0430\u043c\u0435\u043d \u043f\u043e \u0442\u0435\u043e\u0440\u0438\u0438) \u0438 28 \u0447\u0430\u0441\u043e\u0432 \u0432\u043e\u0436\u0434\u0435\u043d\u0438\u044f \u043f\u043e 45 \u043c\u0438\u043d\u0443\u0442. \u041e\u043f\u043b\u0430\u0442\u0430 \u043a\u0443\u0440\u0441\u0430 \u043c\u043e\u0436\u0435\u0442 \u043f\u0440\u043e\u0438\u0437\u0432\u043e\u0434\u0438\u0442\u044c\u0441\u044f \u0447\u0430\u0441\u0442\u044f\u043c\u0438. \u0412 \u0430\u0432\u0442\u043e\u0448\u043a\u043e\u043b\u0435 \u043c\u043e\u0436\u043d\u043e \u0443\u0447\u0438\u0442\u044c\u0441\u044f \u0441 15,5 \u043b\u0435\u0442.\n\u041a\u0443\u0440\u0441\u044b \u0432 \u0430\u0432\u0442\u043e\u0448\u043a\u043e\u043b\u0435 \u043f\u0440\u043e\u0445\u043e\u0434\u044f\u0442 \u043a\u0430\u043a \u0432 \u0440\u0430\u0431\u043e\u0447\u0438\u0435 \u0434\u043d\u0438, \u0442\u0430\u043a \u0438 \u043f\u043e \u0432\u044b\u0445\u043e\u0434\u043d\u044b\u043c, \u0443\u0447\u0438\u0442\u044c\u0441\u044f \u043c\u043e\u0436\u043d\u043e \u043e\u043d\u043b\u0430\u0439\u043d \u0438\u043b\u0438 \u0432 \u043a\u043b\u0430\u0441\u0441\u0435.\n\u0427\u0430\u0441\u044b \u0432\u043e\u0436\u0434\u0435\u043d\u0438\u044f \u043f\u0440\u043e\u0445\u043e\u0434\u044f\u0442 \u043d\u0430 \u0430\u0432\u0442\u043e\u043c\u043e\u0431\u0438\u043b\u044f\u0445 \u0441 \u043c\u0435\u0445\u0430\u043d\u0438\u0447\u0435\u0441\u043a\u043e\u0439 \u0438\u043b\u0438 \u0430\u0432\u0442\u043e\u043c\u0430\u0442\u0438\u0447\u0435\u0441\u043a\u043e\u0439 \u043a\u043e\u0440\u043e\u0431\u043a\u043e\u0439 \u043f\u0435\u0440\u0435\u0434\u0430\u0447.\n\u0414\u043e\u043f\u043e\u043b\u043d\u0438\u0442\u0435\u043b\u044c\u043d\u044b\u0435 \u043a\u0443\u0440\u0441\u044b \u0432 \u0442\u0435\u0447\u0435\u043d\u0438\u0435 \u043f\u0435\u0440\u0438\u043e\u0434\u0430 \u043e\u0431\u0443\u0447\u0435\u043d\u0438\u044f (\u043e\u043f\u043b\u0430\u0447\u0438\u0432\u0430\u044e\u0442\u0441\u044f \u043e\u0442\u0434\u0435\u043b\u044c\u043d\u043e): \u043a\u0443\u0440\u0441 \u043f\u0435\u0440\u0432\u043e\u0439 \u043c\u0435\u0434\u0438\u0446\u0438\u043d\u0441\u043a\u043e\u0439 \u043f\u043e\u043c\u043e\u0449\u0438, \u043a\u0443\u0440\u0441 \u0432\u043e\u0436\u0434\u0435\u043d\u0438\u044f \u0432 \u0442\u0435\u043c\u043d\u043e\u0435 \u0432\u0440\u0435\u043c\u044f \u0441\u0443\u0442\u043e\u043a, \u043a\u0443\u0440\u0441 \u0432\u043e\u0436\u0434\u0435\u043d\u0438\u044f \u043d\u0430 \u0441\u043a\u043e\u043b\u044c\u0437\u043a\u043e\u0439 \u0434\u043e\u0440\u043e\u0433\u0435.<\/p><div class=\"course-meta\"><div class=\"meta-box\"><div class=\"avater\"><img decoding=\"async\" src=\"\" alt=\"\"  \/><\/div><div class=\"media-body\"><span class=\"info\">28 \u0443\u0440\u043e\u043a\u043e\u0432<\/span><\/div><\/div><div class=\"meta-box\"><div class=\"icon\"><i class=\"fal fa-clock\"><\/i><\/div><div class=\"media-body\"><h6 class=\"title\">45 \u043c\u0438\u043d<\/h6><\/div><\/div><\/div><\/div><\/div><\/div><\/div><\/div>\t\t\t\t<\/div>\n\t\t\t\t<\/div>\n\t\t\t\t\t<\/div>\n\t\t<\/div>\n\t\t\t\t\t<\/div>\n\t\t<\/section>\n\t\t\t\t\t<\/div>\n\t\t<\/div>\n\t\t\t\t\t<\/div>\n\t\t<\/section>\n\t\t\t\t<\/div>","protected":false},"excerpt":{"rendered":"<p>Kursused B-kategooria Minimaalne \u00f5ppemaht on 28 teooriatundi 45 minuti jooksul (siseksam teoorias) ja 28 s\u00f5idutundi 45 minuti jooksul. Kursuse eest on v\u00f5imalik tasuda osade kaupa. Autokoolis v\u00f5ib \u00f5ppida alates 15,5. eluaastast. Kursused autokoolis toimuvad nii t\u00f6\u00f6p\u00e4evadel kui ka n\u00e4dalavahetustel, \u00f5ppida saab veebis v\u00f5i klassiruumis. S\u00f5idutunnid toimuvad autodega, millel on kas manuaal- v\u00f5i automaatk\u00e4igukast. T\u00e4iendkoolitused \u00f5ppeperioodi&#8230;<\/p>","protected":false},"author":1,"featured_media":0,"parent":0,"menu_order":0,"comment_status":"closed","ping_status":"closed","template":"","meta":{"footnotes":""},"class_list":["post-49","page","type-page","status-publish","hentry"],"aioseo_notices":[],"_links":{"self":[{"href":"https:\/\/vivat.ee\/ru\/wp-json\/wp\/v2\/pages\/49","targetHints":{"allow":["GET"]}}],"collection":[{"href":"https:\/\/vivat.ee\/ru\/wp-json\/wp\/v2\/pages"}],"about":[{"href":"https:\/\/vivat.ee\/ru\/wp-json\/wp\/v2\/types\/page"}],"author":[{"embeddable":true,"href":"https:\/\/vivat.ee\/ru\/wp-json\/wp\/v2\/users\/1"}],"replies":[{"embeddable":true,"href":"https:\/\/vivat.ee\/ru\/wp-json\/wp\/v2\/comments?post=49"}],"version-history":[{"count":0,"href":"https:\/\/vivat.ee\/ru\/wp-json\/wp\/v2\/pages\/49\/revisions"}],"wp:attachment":[{"href":"https:\/\/vivat.ee\/ru\/wp-json\/wp\/v2\/media?parent=49"}],"curies":[{"name":"wp","href":"https:\/\/api.w.org\/{rel}","templated":true}]}}