{"id":69,"date":"2023-05-17T11:07:29","date_gmt":"2023-05-17T11:07:29","guid":{"rendered":"https:\/\/themeholy.com\/wordpress\/dride\/?page_id=69"},"modified":"2025-10-28T15:06:42","modified_gmt":"2025-10-28T15:06:42","slug":"about-us","status":"publish","type":"page","link":"https:\/\/vivat.ee\/et\/about-us\/","title":{"rendered":"Autokoolist"},"content":{"rendered":"\t\t<div data-elementor-type=\"wp-page\" data-elementor-id=\"69\" class=\"elementor elementor-69\">\n\t\t\t\t\t\t<section class=\"elementor-section elementor-top-section elementor-element elementor-element-0a679ae elementor-section-boxed elementor-section-height-default elementor-section-height-default\" data-id=\"0a679ae\" data-element_type=\"section\">\n\t\t\t\t\t\t<div class=\"elementor-container elementor-column-gap-default\">\n\t\t\t\t\t<div class=\"elementor-column elementor-col-50 elementor-top-column elementor-element elementor-element-7e12767\" data-id=\"7e12767\" data-element_type=\"column\">\n\t\t\t<div class=\"elementor-widget-wrap elementor-element-populated\">\n\t\t\t\t\t\t<div class=\"elementor-element elementor-element-217ea6a elementor-widget elementor-widget-dridegroupimage\" data-id=\"217ea6a\" data-element_type=\"widget\" data-widget_type=\"dridegroupimage.default\">\n\t\t\t\t<div class=\"elementor-widget-container\">\n\t\t\t\t\t<div class=\"img-box1\"><div class=\"img1\"><img decoding=\"async\" src=\"https:\/\/vivat.ee\/wp-content\/uploads\/2023\/05\/about_1_1.jpg\" alt=\"about_1_1\"  \/><\/div><div class=\"img2\"><img decoding=\"async\" src=\"https:\/\/vivat.ee\/wp-content\/uploads\/2023\/05\/about_1_2.jpg\" alt=\"about_1_2\"  \/><\/div><div class=\"year-counter-wrap\"><div class=\"year-counter\"><div class=\"year-counter_number\"><span class=\"counter-number\">16<\/span>+<\/div><span class=\"year-counter_text\">Years Experience<\/span><\/div><\/div><\/div>\t\t\t\t<\/div>\n\t\t\t\t<\/div>\n\t\t\t\t\t<\/div>\n\t\t<\/div>\n\t\t\t\t<div class=\"elementor-column elementor-col-50 elementor-top-column elementor-element elementor-element-d01f9d1\" data-id=\"d01f9d1\" data-element_type=\"column\">\n\t\t\t<div class=\"elementor-widget-wrap elementor-element-populated\">\n\t\t\t\t\t\t<div class=\"elementor-element elementor-element-81a8aee elementor-widget__width-initial elementor-widget elementor-widget-dridesectiontitle\" data-id=\"81a8aee\" data-element_type=\"widget\" data-widget_type=\"dridesectiontitle.default\">\n\t\t\t\t<div class=\"elementor-widget-container\">\n\t\t\t\t\t<div class=\"title-area-wrap\"><div class=\"title-area mb-30\" ><h2 class=\"sec-title title-selector\">Auto\u00adkool \u00abVIVAT\u00bb \u2013 teie tee enesekindluse saavutamiseks teel.<\/h2><\/div><p class=\"desc-selector mt-n2 mb-33\"><p>Autokool \u201eVIVAT\u201c asutati 2009. aastal.<\/p> <p>Koolil on Haridus- ja Teadusministeeriumi v\u00e4ljastatud \u00f5ppe\u00f5igus 6806HTM.<\/p> <p>K\u00f5ik meie autokooli \u00f5petajad on l\u00e4binud vastava v\u00e4lja\u00f5ppe, omavad Eesti Autoreregistri Keskuse v\u00e4ljastatud litsentse ning suurt kogemust tulevaste juhtide \u00f5petamisel. \u00d5pe toimub vene ja eesti keeles. Teoreetilised tunnid toimuvad spetsiaalselt varustatud klassiruumis, praktiline \u00f5pe toimub Teile sobival ajal. S\u00f5idu\u00f5petuses kasutavad \u00f5petajad mugavaid ja turvalisi autosid. Meie autokool kuulub \u00fchendusse \u201eLiikluskoolitajate Liit\u201c.<\/p> <p>Pakume Teile kvaliteetset \u00f5pet ning ootame Teid meie autokooli!<\/p><\/p><\/div>\t\t\t\t<\/div>\n\t\t\t\t<\/div>\n\t\t\t\t\t<\/div>\n\t\t<\/div>\n\t\t\t\t\t<\/div>\n\t\t<\/section>\n\t\t\t\t<section class=\"elementor-section elementor-top-section elementor-element elementor-element-aa29b47 elementor-section-boxed elementor-section-height-default elementor-section-height-default\" data-id=\"aa29b47\" data-element_type=\"section\">\n\t\t\t\t\t\t<div class=\"elementor-container elementor-column-gap-default\">\n\t\t\t\t\t<div class=\"elementor-column elementor-col-100 elementor-top-column elementor-element elementor-element-0800658\" data-id=\"0800658\" data-element_type=\"column\">\n\t\t\t<div class=\"elementor-widget-wrap elementor-element-populated\">\n\t\t\t\t\t\t<div class=\"elementor-element elementor-element-be43b9a elementor-widget elementor-widget-dridesectiontitle\" data-id=\"be43b9a\" data-element_type=\"widget\" data-widget_type=\"dridesectiontitle.default\">\n\t\t\t\t<div class=\"elementor-widget-container\">\n\t\t\t\t\t<div class=\"title-area-wrap\"><div class=\"title-area\" ><span class=\"sub-title subtitle-selector\"><img decoding=\"async\" src=\"https:\/\/vivat.ee\/wp-content\/plugins\/dride-core\/assets\/img\/title_shape_1.svg\" alt=\"title_shape_1\"  class=\"icon\" \/>Meie instruktorid<\/span><h4 class=\"sec-title title-selector\">Tutvuge meie kvalifitseeritud instruktoriga<\/h4><\/div><\/div>\t\t\t\t<\/div>\n\t\t\t\t<\/div>\n\t\t\t\t<div class=\"elementor-element elementor-element-050c256 elementor-widget elementor-widget-drideteam\" data-id=\"050c256\" data-element_type=\"widget\" data-widget_type=\"drideteam.default\">\n\t\t\t\t<div class=\"elementor-widget-container\">\n\t\t\t\t\t<div class=\"row gy-30\"><div class=\"col-sm-6 col-lg-4 col-xl-3\"><div class=\"th-team team-grid\"><div class=\"team-img\"><img decoding=\"async\" src=\"https:\/\/vivat.ee\/wp-content\/uploads\/2025\/05\/photo_2025-05-26_23-12-32.jpg\" alt=\"photo_2025 05 26_23 12 32\"  \/><div class=\"team-social\"><button class=\"icon-btn\"><i class=\"far fa-share-nodes\"><\/i><\/button><div class=\"th-social\"><a  href=\"https:\/\/www.facebook.com\/roman50021\" class=\"icon-bg-custom\"><i class=\"fab fa-facebook-f\"><\/i><\/a><\/div><\/div><\/div><div class=\"box-content\"><p class=\"team-desig\">Toyota Auris (automaat)<\/p><h3 class=\"box-title\"><a  href=\"\">Aleksandr Ravinski<\/a><\/h3><\/div><\/div><\/div><\/div>\t\t\t\t<\/div>\n\t\t\t\t<\/div>\n\t\t\t\t\t<\/div>\n\t\t<\/div>\n\t\t\t\t\t<\/div>\n\t\t<\/section>\n\t\t\t\t<section class=\"elementor-section elementor-top-section elementor-element elementor-element-8788eea why-sec1 elementor-reverse-tablet elementor-reverse-mobile elementor-section-boxed elementor-section-height-default elementor-section-height-default\" data-id=\"8788eea\" data-element_type=\"section\" data-settings=\"{&quot;background_background&quot;:&quot;classic&quot;}\">\n\t\t\t\t\t\t<div class=\"elementor-container elementor-column-gap-default\">\n\t\t\t\t\t<div class=\"elementor-column elementor-col-50 elementor-top-column elementor-element elementor-element-1027945\" data-id=\"1027945\" data-element_type=\"column\">\n\t\t\t<div class=\"elementor-widget-wrap elementor-element-populated\">\n\t\t\t\t\t\t<div class=\"elementor-element elementor-element-2314f16 elementor-widget__width-initial elementor-widget elementor-widget-dridesectiontitle\" data-id=\"2314f16\" data-element_type=\"widget\" data-widget_type=\"dridesectiontitle.default\">\n\t\t\t\t<div class=\"elementor-widget-container\">\n\t\t\t\t\t<div class=\"title-area-wrap\"><div class=\"title-area\" ><span class=\"sub-title subtitle-selector\">Eelised<\/span><h2 class=\"sec-title title-selector\">Avasta meie autokooli parimad v\u00f5imalused.<\/h2><\/div><\/div>\t\t\t\t<\/div>\n\t\t\t\t<\/div>\n\t\t\t\t<div class=\"elementor-element elementor-element-414028e elementor-widget elementor-widget-dridefeatures\" data-id=\"414028e\" data-element_type=\"widget\" data-widget_type=\"dridefeatures.default\">\n\t\t\t\t<div class=\"elementor-widget-container\">\n\t\t\t\t\t<div class=\"choose-feature-wrap\"><div class=\"choose-feature\"><div class=\"choose-feature_icon\"><i class=\"fa-solid fa-circle-check\"><\/i><\/div><h3 class=\"box-title\">Kvaliteetne autojuhtide koolitus.<\/h3><p class=\"choose-feature_text\">Pakume teoreetilisi ja praktilisi \u00f5ppetunde, et valmistada teid ette ohutuks s\u00f5iduks.<\/p><\/div><div class=\"choose-feature\"><div class=\"choose-feature_icon\"><i class=\"fa-solid fa-circle-check\"><\/i><\/div><h3 class=\"box-title\">Kahe keele \u00f5pe.<\/h3><p class=\"choose-feature_text\">K\u00f5ik tunnid on teie mugavuse huvides k\u00e4ttesaadavad nii vene kui ka eesti keeles.<\/p><\/div><div class=\"choose-feature\"><div class=\"choose-feature_icon\"><i class=\"fa-solid fa-circle-check\"><\/i><\/div><h3 class=\"box-title\">Kogenud instruktorid.<\/h3><p class=\"choose-feature_text\">Meie instruktoritel on pikaajaline kogemus ja nad tagavad professionaalse l\u00e4henemise \u00f5ppimisele.<\/p><\/div><div class=\"choose-feature\"><div class=\"choose-feature_icon\"><i class=\"fa-solid fa-circle-check\"><\/i><\/div><h3 class=\"box-title\">Sobiv ajakava.<\/h3><p class=\"choose-feature_text\">Pakume paindlikku tunniplaani, et kohanduda teie vajadustega.<\/p><\/div><\/div>\t\t\t\t<\/div>\n\t\t\t\t<\/div>\n\t\t\t\t\t<\/div>\n\t\t<\/div>\n\t\t\t\t<div class=\"elementor-column elementor-col-50 elementor-top-column elementor-element elementor-element-c9c32f9\" data-id=\"c9c32f9\" data-element_type=\"column\">\n\t\t\t<div class=\"elementor-widget-wrap elementor-element-populated\">\n\t\t\t\t\t\t<div class=\"elementor-element elementor-element-56d329b elementor-widget elementor-widget-drideimage\" data-id=\"56d329b\" data-element_type=\"widget\" data-widget_type=\"drideimage.default\">\n\t\t\t\t<div class=\"elementor-widget-container\">\n\t\t\t\t\t<!-- Image --><div class=\"custom_css_handelar img-box2\"><img decoding=\"async\" src=\"https:\/\/vivat.ee\/wp-content\/uploads\/2023\/07\/why_1_1.png\" alt=\"why_1_1\"  \/><\/div><!-- End Image -->\t\t\t\t<\/div>\n\t\t\t\t<\/div>\n\t\t\t\t\t<\/div>\n\t\t<\/div>\n\t\t\t\t\t<\/div>\n\t\t<\/section>\n\t\t\t\t<section class=\"elementor-section elementor-top-section elementor-element elementor-element-454ecce elementor-section-full_width elementor-section-height-default elementor-section-height-default\" data-id=\"454ecce\" data-element_type=\"section\" data-settings=\"{&quot;background_background&quot;:&quot;classic&quot;}\">\n\t\t\t\t\t\t<div class=\"elementor-container elementor-column-gap-no\">\n\t\t\t\t\t<div class=\"elementor-column elementor-col-100 elementor-top-column elementor-element elementor-element-9bc1a9b\" data-id=\"9bc1a9b\" data-element_type=\"column\">\n\t\t\t<div class=\"elementor-widget-wrap elementor-element-populated\">\n\t\t\t\t\t\t<div class=\"shape-mockup elementor-element elementor-element-ce1f702 elementor-widget elementor-widget-drideshapeimage\" data-id=\"ce1f702\" data-element_type=\"widget\" data-widget_type=\"drideshapeimage.default\">\n\t\t\t\t<div class=\"elementor-widget-container\">\n\t\t\t\t\t<!-- Image --><div class=\"shape-mockup   d-none d-xxl-block\" data-top=\"1%\" data-right=\"0.01%\"><img decoding=\"async\" src=\"https:\/\/vivat.ee\/wp-content\/uploads\/2023\/05\/earth_1.png\" alt=\"Vivat\" ><\/div><!-- End Image -->\t\t\t\t<\/div>\n\t\t\t\t<\/div>\n\t\t\t\t<section class=\"elementor-section elementor-inner-section elementor-element elementor-element-238622e elementor-section-boxed elementor-section-height-default elementor-section-height-default\" data-id=\"238622e\" data-element_type=\"section\">\n\t\t\t\t\t\t<div class=\"elementor-container elementor-column-gap-no\">\n\t\t\t\t\t<div class=\"elementor-column elementor-col-100 elementor-inner-column elementor-element elementor-element-2287499\" data-id=\"2287499\" data-element_type=\"column\">\n\t\t\t<div class=\"elementor-widget-wrap elementor-element-populated\">\n\t\t\t\t\t\t<div class=\"elementor-element elementor-element-2e28405 elementor-widget elementor-widget-dridesectiontitle\" data-id=\"2e28405\" data-element_type=\"widget\" data-widget_type=\"dridesectiontitle.default\">\n\t\t\t\t<div class=\"elementor-widget-container\">\n\t\t\t\t\t<div class=\"title-area-wrap\"><div class=\"title-area\" ><h2 class=\"sec-title title-selector\">Meie \u00f5pilaste tagasiside<\/h2><\/div><\/div>\t\t\t\t<\/div>\n\t\t\t\t<\/div>\n\t\t\t\t<div class=\"elementor-element elementor-element-529b66b elementor-widget elementor-widget-dridetestimonialslider\" data-id=\"529b66b\" data-element_type=\"widget\" data-widget_type=\"dridetestimonialslider.default\">\n\t\t\t\t<div class=\"elementor-widget-container\">\n\t\t\t\t\t<!-----------------------Start Testimonials Area-----------------------><div class=\"row slider-shadow th-carousel\" data-slide-show=\"3\" data-lg-slide-show=\"2\" data-md-slide-show=\"2\"><div class=\"col-lg-6\"><div class=\"testi-box\"><div class=\"testi-box_img\"><img decoding=\"async\" src=\"https:\/\/vivat.ee\/wp-content\/uploads\/2025\/09\/Profile_avatar_placeholder_large-e1756756486279.png\" alt=\"Profile_avatar_placeholder_large e1756756486279\"  \/><div class=\"play-btn\"><i class=\"fa-solid fa-quote-right\"><\/i><\/div><\/div><div class=\"testi-box_content\"><p class=\"testi-box_text\">&quot;Vastutulelik, professionaalne instruktor, kes mitte ainult selgitab, vaid vajaduse korral n\u00e4itab ka n\u00e4iteid!&quot;<\/p><h3 class=\"testi-box_name\">Jegor Novikov<\/h3><p class=\"testi-box_desig\">B-kategooria kursuse l\u00f5petaja<\/p><\/div><\/div><\/div><div class=\"col-lg-6\"><div class=\"testi-box\"><div class=\"testi-box_img\"><img decoding=\"async\" src=\"https:\/\/vivat.ee\/wp-content\/uploads\/2025\/09\/Profile_avatar_placeholder_large-e1756756486279.png\" alt=\"Profile_avatar_placeholder_large e1756756486279\"  \/><div class=\"play-btn\"><i class=\"fa-solid fa-quote-right\"><\/i><\/div><\/div><div class=\"testi-box_content\"><p class=\"testi-box_text\">&quot;Soovin avaldada suurt t\u00e4nu Aleksandr Ravinskile \u00f5petamise, usu ja mulle edasi antud tohutu s\u00f5iduoskuse eest! T\u00e4nu sellele suurep\u00e4rasele instruktorile olen oma eesm\u00e4rkidele \u00fche sammu v\u00f5rra l\u00e4hemal!&quot;<\/p><h3 class=\"testi-box_name\">Viktor Ukolov<\/h3><p class=\"testi-box_desig\">B-kategooria kursuse l\u00f5petaja<\/p><\/div><\/div><\/div><div class=\"col-lg-6\"><div class=\"testi-box\"><div class=\"testi-box_img\"><img decoding=\"async\" src=\"https:\/\/vivat.ee\/wp-content\/uploads\/2025\/09\/Profile_avatar_placeholder_large-e1756756486279.png\" alt=\"Profile_avatar_placeholder_large e1756756486279\"  \/><div class=\"play-btn\"><i class=\"fa-solid fa-quote-right\"><\/i><\/div><\/div><div class=\"testi-box_content\"><p class=\"testi-box_text\">&quot;S\u00f5idu\u00f5petaja on t\u00f5eline professionaal: seletas rahulikult k\u00f5ik punktid ja aitas tunda end teel kindlalt.&quot;<\/p><h3 class=\"testi-box_name\">Viktorija P\u00f5lova<\/h3><p class=\"testi-box_desig\">B-kategooria kursuse l\u00f5petaja<\/p><\/div><\/div><\/div><\/div><!-----------------------End Testimonials Area----------------------->\t\t\t\t<\/div>\n\t\t\t\t<\/div>\n\t\t\t\t\t<\/div>\n\t\t<\/div>\n\t\t\t\t\t<\/div>\n\t\t<\/section>\n\t\t\t\t\t<\/div>\n\t\t<\/div>\n\t\t\t\t\t<\/div>\n\t\t<\/section>\n\t\t\t\t<\/div>\n\t\t","protected":false},"excerpt":{"rendered":"<p>16+Years Experience Auto\u00adkool \u00abVIVAT\u00bb \u2013 teie tee enesekindluse saavutamiseks teel. Autokool \u201eVIVAT\u201c asutati 2009. aastal. Koolil on Haridus- ja Teadusministeeriumi v\u00e4ljastatud \u00f5ppe\u00f5igus 6806HTM. K\u00f5ik meie autokooli \u00f5petajad on l\u00e4binud vastava v\u00e4lja\u00f5ppe, omavad Eesti Autoreregistri Keskuse v\u00e4ljastatud litsentse ning suurt kogemust tulevaste juhtide \u00f5petamisel. \u00d5pe toimub vene ja eesti keeles. Teoreetilised tunnid toimuvad spetsiaalselt varustatud klassiruumis,&#8230;<\/p>\n","protected":false},"author":1,"featured_media":0,"parent":0,"menu_order":0,"comment_status":"closed","ping_status":"closed","template":"template-builder.php","meta":{"footnotes":""},"class_list":["post-69","page","type-page","status-publish","hentry"],"aioseo_notices":[],"_links":{"self":[{"href":"https:\/\/vivat.ee\/et\/wp-json\/wp\/v2\/pages\/69","targetHints":{"allow":["GET"]}}],"collection":[{"href":"https:\/\/vivat.ee\/et\/wp-json\/wp\/v2\/pages"}],"about":[{"href":"https:\/\/vivat.ee\/et\/wp-json\/wp\/v2\/types\/page"}],"author":[{"embeddable":true,"href":"https:\/\/vivat.ee\/et\/wp-json\/wp\/v2\/users\/1"}],"replies":[{"embeddable":true,"href":"https:\/\/vivat.ee\/et\/wp-json\/wp\/v2\/comments?post=69"}],"version-history":[{"count":51,"href":"https:\/\/vivat.ee\/et\/wp-json\/wp\/v2\/pages\/69\/revisions"}],"predecessor-version":[{"id":3403,"href":"https:\/\/vivat.ee\/et\/wp-json\/wp\/v2\/pages\/69\/revisions\/3403"}],"wp:attachment":[{"href":"https:\/\/vivat.ee\/et\/wp-json\/wp\/v2\/media?parent=69"}],"curies":[{"name":"wp","href":"https:\/\/api.w.org\/{rel}","templated":true}]}}