{"id":43,"date":"2023-05-17T11:02:57","date_gmt":"2023-05-17T11:02:57","guid":{"rendered":"https:\/\/themeholy.com\/wordpress\/dride\/?page_id=43"},"modified":"2025-10-28T15:04:46","modified_gmt":"2025-10-28T15:04:46","slug":"home-driving-school","status":"publish","type":"page","link":"https:\/\/vivat.ee\/et\/","title":{"rendered":"Home Driving School"},"content":{"rendered":"\t\t<div data-elementor-type=\"wp-page\" data-elementor-id=\"43\" class=\"elementor elementor-43\">\n\t\t\t\t\t\t<section class=\"elementor-section elementor-top-section elementor-element elementor-element-818c9a4 elementor-section-full_width elementor-section-height-default elementor-section-height-default\" data-id=\"818c9a4\" data-element_type=\"section\">\n\t\t\t\t\t\t<div class=\"elementor-container elementor-column-gap-no\">\n\t\t\t\t\t<div class=\"elementor-column elementor-col-100 elementor-top-column elementor-element elementor-element-a14b4f3\" data-id=\"a14b4f3\" data-element_type=\"column\">\n\t\t\t<div class=\"elementor-widget-wrap elementor-element-populated\">\n\t\t\t\t\t\t<div class=\"elementor-element elementor-element-63b7028 elementor-widget elementor-widget-dridebanner2\" data-id=\"63b7028\" data-element_type=\"widget\" data-widget_type=\"dridebanner2.default\">\n\t\t\t\t<div class=\"elementor-widget-container\">\n\t\t\t\t\t<div class=\"th-hero-wrapper hero-10\" style=\"padding-right: 0 !important;\" id=\"hero\"><div class=\"hero-slider-10 th-carousel\" data-adaptive-height=\"true\" data-fade=\"true\" data-slide-show=\"1\" data-md-slide-show=\"1\"><div class=\"th-hero-slide\" style=\"width: 100% !important;\"><div class=\"th-hero-bg\" data-bg-src=\"https:\/\/vivat.ee\/wp-content\/uploads\/2025\/06\/IMG_0301-1.jpg\"><img decoding=\"async\" src=\"https:\/\/vivat.ee\/wp-content\/uploads\/2025\/06\/IMG_0301-1.jpg\" alt=\"IMG_0301 1\"  \/><\/div><div class=\"container\"><div class=\"hero-style10\"><span class=\"hero-subtitle\" data-ani=\"slideinleft\" data-ani-delay=\"0s\">Kogenud s\u00f5idu\u00f5pe alates 2009. aastast<\/span><h1 class=\"hero-title\" data-ani=\"slideinleft\" data-ani-delay=\"0.2s\">\nAutokool <span class=\"text-bg\">Vivat<\/h1><div class=\"btn-group\" data-ani=\"slideinleft\" data-ani-delay=\"0.6s\"><a href=\"https:\/\/vivat.ee\/contact\/\" class=\"th-btn btn1 style3\">Alusta \u00f5pinguid<i class=\"fas fa-arrow-right ms-2\"><\/i><\/a><\/div><\/div><\/div><\/div><\/div><div class=\"scroll-down\"><a href=\"#about-sec\" class=\"scroll-bottom\"><i class=\"far fa-chevron-down\"><\/i><\/a><\/div><\/div>\t\t\t\t<\/div>\n\t\t\t\t<\/div>\n\t\t\t\t\t<\/div>\n\t\t<\/div>\n\t\t\t\t\t<\/div>\n\t\t<\/section>\n\t\t\t\t<section class=\"elementor-section elementor-top-section elementor-element elementor-element-e36e287 feature-sec1 style2 elementor-section-boxed elementor-section-height-default elementor-section-height-default\" data-id=\"e36e287\" data-element_type=\"section\">\n\t\t\t\t\t\t<div class=\"elementor-container elementor-column-gap-default\">\n\t\t\t\t\t<div class=\"elementor-column elementor-col-100 elementor-top-column elementor-element elementor-element-2937e7a\" data-id=\"2937e7a\" data-element_type=\"column\">\n\t\t\t<div class=\"elementor-widget-wrap elementor-element-populated\">\n\t\t\t\t\t\t<section class=\"elementor-section elementor-inner-section elementor-element elementor-element-3c07a5b elementor-section-content-middle elementor-section-boxed elementor-section-height-default elementor-section-height-default\" data-id=\"3c07a5b\" data-element_type=\"section\">\n\t\t\t\t\t\t<div class=\"elementor-container elementor-column-gap-no\">\n\t\t\t\t\t<div class=\"elementor-column elementor-col-100 elementor-inner-column elementor-element elementor-element-5faaaaf\" data-id=\"5faaaaf\" data-element_type=\"column\">\n\t\t\t<div class=\"elementor-widget-wrap elementor-element-populated\">\n\t\t\t\t\t\t<div class=\"elementor-element elementor-element-f8864b3 elementor-widget__width-initial elementor-widget elementor-widget-dridesectiontitle\" data-id=\"f8864b3\" data-element_type=\"widget\" data-widget_type=\"dridesectiontitle.default\">\n\t\t\t\t<div class=\"elementor-widget-container\">\n\t\t\t\t\t<div class=\"title-area-wrap\"><div class=\"title-area\" ><span class=\"sub-title subtitle-selector\"><img decoding=\"async\" src=\"https:\/\/vivat.ee\/wp-content\/plugins\/dride-core\/assets\/img\/title_shape_1.svg\" alt=\"title_shape_1\"  class=\"icon\" \/>Meie teenused<\/span><h2 class=\"sec-title title-selector\">Pakume teile j\u00e4rgmisi teenuseid<\/h2><\/div><\/div>\t\t\t\t<\/div>\n\t\t\t\t<\/div>\n\t\t\t\t\t<\/div>\n\t\t<\/div>\n\t\t\t\t\t<\/div>\n\t\t<\/section>\n\t\t\t\t<div class=\"elementor-element elementor-element-0cc1a34 elementor-widget elementor-widget-dridefeatures\" data-id=\"0cc1a34\" data-element_type=\"widget\" data-widget_type=\"dridefeatures.default\">\n\t\t\t\t<div class=\"elementor-widget-container\">\n\t\t\t\t\t<div class=\"row gy-4 justify-content-center\"><div class=\"col-lg-4 col-md-6\"><div class=\"feature-box\"><div class=\"line-icon\"><img decoding=\"async\" src=\"https:\/\/vivat.ee\/wp-content\/uploads\/2023\/05\/feature_card_2.svg\" alt=\"feature_card_2\"  \/><\/div><div class=\"media-body\"><h3 class=\"box-title2\">Juhtimis\u00f5iguse taotlemine Transpordiametis<\/h3><p class=\"feature-box_text\">J\u00f5uame koos peamise eesm\u00e4rgini<\/p><a href=\"https:\/\/vivat.ee\/about-us\" class=\"line-btn\">Meist<i class=\"fas fa-arrow-right\"><\/i><\/a><\/div><\/div><\/div><div class=\"col-lg-4 col-md-6\"><div class=\"feature-box\"><div class=\"line-icon\"><img decoding=\"async\" src=\"https:\/\/vivat.ee\/wp-content\/uploads\/2023\/05\/feature_card_3.svg\" alt=\"feature_card_3\"  \/><\/div><div class=\"media-body\"><h3 class=\"box-title2\">Lihtne s\u00f5idu\u00f5pe\n<\/h3><p class=\"feature-box_text\">Meie \u00f5ppeprogramm on v\u00e4ga lihtne omandada.<\/p><a href=\"https:\/\/vivat.ee\/about-us\" class=\"line-btn\">Meist<i class=\"fas fa-arrow-right\"><\/i><\/a><\/div><\/div><\/div><div class=\"col-lg-4 col-md-6\"><div class=\"feature-box\"><div class=\"line-icon\"><img decoding=\"async\" src=\"https:\/\/vivat.ee\/wp-content\/uploads\/2023\/05\/feature_card_4.svg\" alt=\"feature_card_4\"  \/><\/div><div class=\"media-body\"><h3 class=\"box-title2\">Liikluseeskirjade juhend<\/h3><p class=\"feature-box_text\">Anname teile ka t\u00e4ieliku ja l\u00f5pliku liikluseeskirjade juhendi.<\/p><a href=\"https:\/\/vivat.ee\/about-us\" class=\"line-btn\">Meist<i class=\"fas fa-arrow-right\"><\/i><\/a><\/div><\/div><\/div><\/div>\t\t\t\t<\/div>\n\t\t\t\t<\/div>\n\t\t\t\t\t<\/div>\n\t\t<\/div>\n\t\t\t\t\t<\/div>\n\t\t<\/section>\n\t\t\t\t<section class=\"elementor-section elementor-top-section elementor-element elementor-element-c077a26 elementor-section-boxed elementor-section-height-default elementor-section-height-default\" data-id=\"c077a26\" data-element_type=\"section\" data-settings=\"{&quot;background_background&quot;:&quot;classic&quot;}\">\n\t\t\t\t\t\t<div class=\"elementor-container elementor-column-gap-default\">\n\t\t\t\t\t<div class=\"elementor-column elementor-col-100 elementor-top-column elementor-element elementor-element-617f554\" data-id=\"617f554\" data-element_type=\"column\">\n\t\t\t<div class=\"elementor-widget-wrap elementor-element-populated\">\n\t\t\t\t\t\t<div class=\"elementor-element elementor-element-cdd77ed elementor-widget elementor-widget-dridesectiontitle\" data-id=\"cdd77ed\" data-element_type=\"widget\" data-widget_type=\"dridesectiontitle.default\">\n\t\t\t\t<div class=\"elementor-widget-container\">\n\t\t\t\t\t<div class=\"title-area-wrap\"><div class=\"title-area\" ><span class=\"sub-title subtitle-selector\"><img decoding=\"async\" src=\"https:\/\/vivat.ee\/wp-content\/plugins\/dride-core\/assets\/img\/title_shape_1.svg\" alt=\"title_shape_1\"  class=\"icon\" \/>Meie t\u00f6\u00f6protsess<\/span><h2 class=\"sec-title title-selector\">Alustage \u00f5ppeprotsessi koos Vivat'iga<\/h2><\/div><\/div>\t\t\t\t<\/div>\n\t\t\t\t<\/div>\n\t\t\t\t<div class=\"elementor-element elementor-element-494dbb7 elementor-widget elementor-widget-drideworkprocess\" data-id=\"494dbb7\" data-element_type=\"widget\" data-widget_type=\"drideworkprocess.default\">\n\t\t\t\t<div class=\"elementor-widget-container\">\n\t\t\t\t\t<div class=\"process-card-wrap\"><div class=\"process-card\"><div class=\"process-card_icon\"><img decoding=\"async\" src=\"https:\/\/vivat.ee\/wp-content\/uploads\/2023\/05\/process_card_1.svg\" alt=\"icon\"><\/div><div class=\"process-card_img\"><img decoding=\"async\" src=\"https:\/\/vivat.ee\/wp-content\/uploads\/2023\/05\/process_card_1.svg\" alt=\"icon\"><\/div><div class=\"process-card_number\">01<\/div><h3 class=\"box-title\">Valige oma \u00f5ppepakett<\/h3><p class=\"process-card_text\">Enne kursuse alustamist valige sobiv pakett, mis vastab teie n\u00f5uetele ja aitab \u00f5igeaegselt eesm\u00e4rgini j\u00f5uda.<\/p><\/div><div class=\"process-card\"><div class=\"process-card_icon\"><img decoding=\"async\" src=\"https:\/\/vivat.ee\/wp-content\/uploads\/2023\/05\/process_card_3.svg\" alt=\"icon\"><\/div><div class=\"process-card_img\"><img decoding=\"async\" src=\"https:\/\/vivat.ee\/wp-content\/uploads\/2023\/05\/process_card_3.svg\" alt=\"icon\"><\/div><div class=\"process-card_number\">02<\/div><h3 class=\"box-title\">Konsultatsioon<\/h3><p class=\"process-card_text\">Kui teil tekib kursuse alustamisel k\u00fcsimusi v\u00f5i probleeme, oleme alati valmis teid n\u00f5ustama.<\/p><\/div><div class=\"process-card\"><div class=\"process-card_icon\"><img decoding=\"async\" src=\"https:\/\/vivat.ee\/wp-content\/uploads\/2023\/05\/process_card_2.svg\" alt=\"icon\"><\/div><div class=\"process-card_img\"><img decoding=\"async\" src=\"https:\/\/vivat.ee\/wp-content\/uploads\/2023\/05\/process_card_2.svg\" alt=\"icon\"><\/div><div class=\"process-card_number\">03<\/div><h3 class=\"box-title\">Tasuge valitud kursus\n<\/h3><p class=\"process-card_text\">Kui olete valmis kursusega alustama, palume soetada valitud kursus kas veebis v\u00f5i kohapeal.<\/p><\/div><div class=\"process-card\"><div class=\"process-card_icon\"><img decoding=\"async\" src=\"https:\/\/vivat.ee\/wp-content\/uploads\/2023\/05\/process_card_4.svg\" alt=\"icon\"><\/div><div class=\"process-card_img\"><img decoding=\"async\" src=\"https:\/\/vivat.ee\/wp-content\/uploads\/2023\/05\/process_card_4.svg\" alt=\"icon\"><\/div><div class=\"process-card_number\">04<\/div><h3 class=\"box-title\">Alustage \u00f5pinguid\n<\/h3><p class=\"process-card_text\">Kui k\u00f5ik eelnevad sammud on l\u00e4bitud, on aeg alustada regulaarset \u00f5ppet\u00f6\u00f6d meie juures.<\/p><\/div><\/div>\t\t\t\t<\/div>\n\t\t\t\t<\/div>\n\t\t\t\t\t<\/div>\n\t\t<\/div>\n\t\t\t\t\t<\/div>\n\t\t<\/section>\n\t\t\t\t<section class=\"elementor-section elementor-top-section elementor-element elementor-element-9032520 faq-sec1 background-image elementor-section-boxed elementor-section-height-default elementor-section-height-default\" data-id=\"9032520\" data-element_type=\"section\" data-settings=\"{&quot;background_background&quot;:&quot;classic&quot;}\">\n\t\t\t\t\t\t<div class=\"elementor-container elementor-column-gap-default\">\n\t\t\t\t\t<div class=\"elementor-column elementor-col-100 elementor-top-column elementor-element elementor-element-c99dfca\" data-id=\"c99dfca\" data-element_type=\"column\">\n\t\t\t<div class=\"elementor-widget-wrap elementor-element-populated\">\n\t\t\t\t\t\t<section class=\"elementor-section elementor-inner-section elementor-element elementor-element-30f154d elementor-section-boxed elementor-section-height-default elementor-section-height-default\" data-id=\"30f154d\" data-element_type=\"section\">\n\t\t\t\t\t\t<div class=\"elementor-container elementor-column-gap-no\">\n\t\t\t\t\t<div class=\"elementor-column elementor-col-50 elementor-inner-column elementor-element elementor-element-f2969a1\" data-id=\"f2969a1\" data-element_type=\"column\">\n\t\t\t<div class=\"elementor-widget-wrap elementor-element-populated\">\n\t\t\t\t\t\t<div class=\"elementor-element elementor-element-e410164 elementor-widget-tablet__width-inherit elementor-widget elementor-widget-dridesectiontitle\" data-id=\"e410164\" data-element_type=\"widget\" data-widget_type=\"dridesectiontitle.default\">\n\t\t\t\t<div class=\"elementor-widget-container\">\n\t\t\t\t\t<div class=\"title-area-wrap\"><div class=\"title-area\" ><span class=\"sub-title subtitle-selector\"><img decoding=\"async\" src=\"https:\/\/vivat.ee\/wp-content\/uploads\/2023\/09\/title_shape_1_white.svg\" alt=\"title_shape_1_white\"  class=\"icon\" \/>FAQ<\/span><h2 class=\"sec-title title-selector\">K\u00fcsimused ja vastused<\/h2><\/div><\/div>\t\t\t\t<\/div>\n\t\t\t\t<\/div>\n\t\t\t\t<div class=\"elementor-element elementor-element-67adbae elementor-widget elementor-widget-dridefaq\" data-id=\"67adbae\" data-element_type=\"widget\" data-widget_type=\"dridefaq.default\">\n\t\t\t\t<div class=\"elementor-widget-container\">\n\t\t\t\t\t<div class=\"accordion-1 accordion\" id=\"faqAccordion\"><div class=\"accordion-card active\"><div class=\"accordion-header\" id=\"collapse-item-2\"><button class=\"accordion-button \" type=\"button\" data-bs-toggle=\"collapse\" data-bs-target=\"#collapse-1\" aria-expanded=\"true\" aria-controls=\"collapse-1\">Kuidas registreeruda VIVAT autokooli kursustele?<\/button><\/div><div id=\"collapse-1\" class=\"accordion-collapse collapse show \" aria-labelledby=\"collapse-item-1\" data-bs-parent=\"#faqAccordion\"><div class=\"accordion-body\"><p class=\"faq-text\">Registreeruda saab meie kodulehe vormi kaudu v\u00f5i helistades meile telefoni teel.<\/p><\/div><\/div><\/div><div class=\"accordion-card \"><div class=\"accordion-header\" id=\"collapse-item-2\"><button class=\"accordion-button collapsed\" type=\"button\" data-bs-toggle=\"collapse\" data-bs-target=\"#collapse-2\" aria-expanded=\"false\" aria-controls=\"collapse-2\">Milliseid dokumente on vaja \u00f5pingute alustamiseks?<\/button><\/div><div id=\"collapse-2\" class=\"accordion-collapse collapse  \" aria-labelledby=\"collapse-item-2\" data-bs-parent=\"#faqAccordion\"><div class=\"accordion-body\"><p class=\"faq-text\">Vajalik on esitada pass ja arstlik t\u00f5end.<\/p><\/div><\/div><\/div><div class=\"accordion-card \"><div class=\"accordion-header\" id=\"collapse-item-2\"><button class=\"accordion-button collapsed\" type=\"button\" data-bs-toggle=\"collapse\" data-bs-target=\"#collapse-3\" aria-expanded=\"false\" aria-controls=\"collapse-3\">Mis keeltes toimub \u00f5ppet\u00f6\u00f6?<\/button><\/div><div id=\"collapse-3\" class=\"accordion-collapse collapse  \" aria-labelledby=\"collapse-item-3\" data-bs-parent=\"#faqAccordion\"><div class=\"accordion-body\"><p class=\"faq-text\">\u00d5ppet\u00f6\u00f6 toimub vene ja eesti keeles.<\/p><\/div><\/div><\/div><div class=\"accordion-card \"><div class=\"accordion-header\" id=\"collapse-item-2\"><button class=\"accordion-button collapsed\" type=\"button\" data-bs-toggle=\"collapse\" data-bs-target=\"#collapse-4\" aria-expanded=\"false\" aria-controls=\"collapse-4\">Kas on v\u00f5imalik \u00f5ppida \u00f5htuti?<\/button><\/div><div id=\"collapse-4\" class=\"accordion-collapse collapse  \" aria-labelledby=\"collapse-item-4\" data-bs-parent=\"#faqAccordion\"><div class=\"accordion-body\"><p class=\"faq-text\">Jah, pakume \u00f5htuseid kursuseid meie \u00f5pilaste mugavuse huvides.<\/p><\/div><\/div><\/div><\/div>\t\t\t\t<\/div>\n\t\t\t\t<\/div>\n\t\t\t\t\t<\/div>\n\t\t<\/div>\n\t\t\t\t<div class=\"elementor-column elementor-col-50 elementor-inner-column elementor-element elementor-element-8f3f841 ms-xxl-5\" data-id=\"8f3f841\" data-element_type=\"column\">\n\t\t\t<div class=\"elementor-widget-wrap elementor-element-populated\">\n\t\t\t\t\t\t<div class=\"elementor-element elementor-element-bfeef4c elementor-widget elementor-widget-image\" data-id=\"bfeef4c\" data-element_type=\"widget\" data-widget_type=\"image.default\">\n\t\t\t\t<div class=\"elementor-widget-container\">\n\t\t\t\t\t\t\t\t\t\t\t\t\t\t\t<img fetchpriority=\"high\" decoding=\"async\" width=\"751\" height=\"326\" src=\"https:\/\/vivat.ee\/wp-content\/uploads\/2025\/05\/logo-white-1.png\" class=\"attachment-large size-large wp-image-2999\" alt=\"\" srcset=\"https:\/\/vivat.ee\/wp-content\/uploads\/2025\/05\/logo-white-1.png 816w, https:\/\/vivat.ee\/wp-content\/uploads\/2025\/05\/logo-white-1-300x130.png 300w, https:\/\/vivat.ee\/wp-content\/uploads\/2025\/05\/logo-white-1-768x333.png 768w, https:\/\/vivat.ee\/wp-content\/uploads\/2025\/05\/logo-white-1-600x260.png 600w\" sizes=\"(max-width: 751px) 100vw, 751px\" \/>\t\t\t\t\t\t\t\t\t\t\t\t\t\t\t<\/div>\n\t\t\t\t<\/div>\n\t\t\t\t\t<\/div>\n\t\t<\/div>\n\t\t\t\t\t<\/div>\n\t\t<\/section>\n\t\t\t\t\t<\/div>\n\t\t<\/div>\n\t\t\t\t\t<\/div>\n\t\t<\/section>\n\t\t\t\t<section class=\"elementor-section elementor-top-section elementor-element elementor-element-3ccf447 elementor-section-full_width elementor-section-height-default elementor-section-height-default\" data-id=\"3ccf447\" data-element_type=\"section\" data-settings=\"{&quot;background_background&quot;:&quot;classic&quot;}\">\n\t\t\t\t\t\t<div class=\"elementor-container elementor-column-gap-no\">\n\t\t\t\t\t<div class=\"elementor-column elementor-col-100 elementor-top-column elementor-element elementor-element-98343af\" data-id=\"98343af\" data-element_type=\"column\">\n\t\t\t<div class=\"elementor-widget-wrap elementor-element-populated\">\n\t\t\t\t\t\t<div class=\"shape-mockup elementor-element elementor-element-41b1a22 elementor-widget elementor-widget-drideshapeimage\" data-id=\"41b1a22\" data-element_type=\"widget\" data-widget_type=\"drideshapeimage.default\">\n\t\t\t\t<div class=\"elementor-widget-container\">\n\t\t\t\t\t<!-- Image --><div class=\"shape-mockup   d-none d-xxl-block\" data-top=\"1%\" data-right=\"0.01%\"><img decoding=\"async\" src=\"https:\/\/vivat.ee\/wp-content\/uploads\/2023\/05\/earth_1.png\" alt=\"Vivat\" ><\/div><!-- End Image -->\t\t\t\t<\/div>\n\t\t\t\t<\/div>\n\t\t\t\t<section class=\"elementor-section elementor-inner-section elementor-element elementor-element-c39f309 elementor-section-boxed elementor-section-height-default elementor-section-height-default\" data-id=\"c39f309\" data-element_type=\"section\">\n\t\t\t\t\t\t<div class=\"elementor-container elementor-column-gap-no\">\n\t\t\t\t\t<div class=\"elementor-column elementor-col-100 elementor-inner-column elementor-element elementor-element-1b31773\" data-id=\"1b31773\" data-element_type=\"column\">\n\t\t\t<div class=\"elementor-widget-wrap elementor-element-populated\">\n\t\t\t\t\t\t<div class=\"elementor-element elementor-element-a55412f elementor-widget elementor-widget-dridesectiontitle\" data-id=\"a55412f\" data-element_type=\"widget\" data-widget_type=\"dridesectiontitle.default\">\n\t\t\t\t<div class=\"elementor-widget-container\">\n\t\t\t\t\t<div class=\"title-area-wrap\"><div class=\"title-area\" ><span class=\"sub-title subtitle-selector\"><img decoding=\"async\" src=\"https:\/\/vivat.ee\/wp-content\/plugins\/dride-core\/assets\/img\/title_shape_1.svg\" alt=\"title_shape_1\"  class=\"icon\" \/>Tagasiside<\/span><h2 class=\"sec-title title-selector\">Mida r\u00e4\u00e4givad meie \u00f5pilased<\/h2><\/div><\/div>\t\t\t\t<\/div>\n\t\t\t\t<\/div>\n\t\t\t\t<div class=\"elementor-element elementor-element-3b87b6f elementor-widget elementor-widget-dridetestimonialslider\" data-id=\"3b87b6f\" data-element_type=\"widget\" data-widget_type=\"dridetestimonialslider.default\">\n\t\t\t\t<div class=\"elementor-widget-container\">\n\t\t\t\t\t<!-----------------------Start Testimonials Area-----------------------><div class=\"row slider-shadow th-carousel\" data-slide-show=\"3\" data-lg-slide-show=\"2\" data-md-slide-show=\"2\"><div class=\"col-lg-6\"><div class=\"testi-box\"><div class=\"testi-box_img\"><img decoding=\"async\" src=\"https:\/\/vivat.ee\/wp-content\/uploads\/2025\/09\/Profile_avatar_placeholder_large-e1756756486279.png\" alt=\"Profile_avatar_placeholder_large e1756756486279\"  \/><div class=\"play-btn\"><i class=\"fa-solid fa-quote-right\"><\/i><\/div><\/div><div class=\"testi-box_content\"><p class=\"testi-box_text\">&quot;Vastutulelik, professionaalne instruktor, kes mitte ainult selgitab, vaid vajaduse korral n\u00e4itab ka n\u00e4iteid!&quot;<\/p><h3 class=\"testi-box_name\">Jegor Novikov<\/h3><p class=\"testi-box_desig\">B-kategooria kursuse l\u00f5petaja<\/p><\/div><\/div><\/div><div class=\"col-lg-6\"><div class=\"testi-box\"><div class=\"testi-box_img\"><img decoding=\"async\" src=\"https:\/\/vivat.ee\/wp-content\/uploads\/2025\/09\/Profile_avatar_placeholder_large-e1756756486279.png\" alt=\"Profile_avatar_placeholder_large e1756756486279\"  \/><div class=\"play-btn\"><i class=\"fa-solid fa-quote-right\"><\/i><\/div><\/div><div class=\"testi-box_content\"><p class=\"testi-box_text\">&quot;Soovin avaldada suurt t\u00e4nu Aleksandr Ravinskile \u00f5petamise, usu ja mulle edasi antud tohutu s\u00f5iduoskuse eest! T\u00e4nu sellele suurep\u00e4rasele instruktorile olen oma eesm\u00e4rkidele \u00fche sammu v\u00f5rra l\u00e4hemal!&quot;<\/p><h3 class=\"testi-box_name\">Viktor Ukolov<\/h3><p class=\"testi-box_desig\">B-kategooria kursuse l\u00f5petaja<\/p><\/div><\/div><\/div><div class=\"col-lg-6\"><div class=\"testi-box\"><div class=\"testi-box_img\"><img decoding=\"async\" src=\"https:\/\/vivat.ee\/wp-content\/uploads\/2025\/09\/Profile_avatar_placeholder_large-e1756756486279.png\" alt=\"Profile_avatar_placeholder_large e1756756486279\"  \/><div class=\"play-btn\"><i class=\"fa-solid fa-quote-right\"><\/i><\/div><\/div><div class=\"testi-box_content\"><p class=\"testi-box_text\">&quot;S\u00f5idu\u00f5petaja on t\u00f5eline professionaal: seletas rahulikult k\u00f5ik punktid ja aitas tunda end teel kindlalt.&quot;<\/p><h3 class=\"testi-box_name\">Viktorija P\u00f5lova<\/h3><p class=\"testi-box_desig\">B-kategooria kursuse l\u00f5petaja<\/p><\/div><\/div><\/div><\/div><!-----------------------End Testimonials Area----------------------->\t\t\t\t<\/div>\n\t\t\t\t<\/div>\n\t\t\t\t\t<\/div>\n\t\t<\/div>\n\t\t\t\t\t<\/div>\n\t\t<\/section>\n\t\t\t\t\t<\/div>\n\t\t<\/div>\n\t\t\t\t\t<\/div>\n\t\t<\/section>\n\t\t\t\t<section class=\"elementor-section elementor-top-section elementor-element elementor-element-c4108ea cta-sec1 style2 elementor-section-boxed elementor-section-height-default elementor-section-height-default\" data-id=\"c4108ea\" data-element_type=\"section\" data-settings=\"{&quot;background_background&quot;:&quot;classic&quot;}\">\n\t\t\t\t\t\t<div class=\"elementor-container elementor-column-gap-default\">\n\t\t\t\t\t<div class=\"elementor-column elementor-col-100 elementor-top-column elementor-element elementor-element-14e3e9e\" data-id=\"14e3e9e\" data-element_type=\"column\">\n\t\t\t<div class=\"elementor-widget-wrap elementor-element-populated\">\n\t\t\t\t\t\t<div class=\"elementor-element elementor-element-37fa35a position-static elementor-widget elementor-widget-html\" data-id=\"37fa35a\" data-element_type=\"widget\" data-widget_type=\"html.default\">\n\t\t\t\t<div class=\"elementor-widget-container\">\n\t\t\t\t\t<a href=\"tel:+37256563419\" class=\"play-btn\">\n            <i class=\"fas fa-phone\"><\/i>\n        <\/a>\t\t\t\t<\/div>\n\t\t\t\t<\/div>\n\t\t\t\t<div class=\"elementor-element elementor-element-2ef537f elementor-widget elementor-widget-dridesectiontitle\" data-id=\"2ef537f\" data-element_type=\"widget\" data-widget_type=\"dridesectiontitle.default\">\n\t\t\t\t<div class=\"elementor-widget-container\">\n\t\t\t\t\t<div class=\"title-area-wrap\"><div class=\"title-area\" ><h4 class=\"sub-title subtitle-selector\">+372 5656 3419, +372 5668 2733.<\/h4><h2 class=\"sec-title title-selector\">Registreeru oma esimesse s\u00f5idutundi ja v\u00f5ta meiega \u00fchendust<\/h2><\/div><\/div>\t\t\t\t<\/div>\n\t\t\t\t<\/div>\n\t\t\t\t<div class=\"elementor-element elementor-element-d344e7d elementor-widget__width-auto elementor-widget elementor-widget-dridegroupbutton\" data-id=\"d344e7d\" data-element_type=\"widget\" data-widget_type=\"dridegroupbutton.default\">\n\t\t\t\t<div class=\"elementor-widget-container\">\n\t\t\t\t\t<!-- Button --><div  class=\"btn-group justify-content-center\"><a href=\"https:\/\/vivat.ee\/contact\/\" class=\"th-btn style3\">Alusta \u00f5pinguid<i class=\"fas fa-arrow-right ms-2\"><\/i><\/a><a href=\"https:\/\/vivat.ee\/about-us\/\" class=\"th-btn style7\">Meist<i class=\"fas fa-arrow-right ms-2\"><\/i><\/a><\/div><!-- End Button -->\t\t\t\t<\/div>\n\t\t\t\t<\/div>\n\t\t\t\t\t<\/div>\n\t\t<\/div>\n\t\t\t\t\t<\/div>\n\t\t<\/section>\n\t\t\t\t<section class=\"elementor-section elementor-top-section elementor-element elementor-element-2995835 elementor-section-boxed elementor-section-height-default elementor-section-height-default\" data-id=\"2995835\" data-element_type=\"section\" data-settings=\"{&quot;background_background&quot;:&quot;classic&quot;}\">\n\t\t\t\t\t\t<div class=\"elementor-container elementor-column-gap-default\">\n\t\t\t\t\t<div class=\"elementor-column elementor-col-100 elementor-top-column elementor-element elementor-element-237ad40\" data-id=\"237ad40\" data-element_type=\"column\">\n\t\t\t<div class=\"elementor-widget-wrap\">\n\t\t\t\t\t\t\t<\/div>\n\t\t<\/div>\n\t\t\t\t\t<\/div>\n\t\t<\/section>\n\t\t\t\t<\/div>\n\t\t","protected":false},"excerpt":{"rendered":"<p>Kogenud s\u00f5idu\u00f5pe alates 2009. aastast Autokool Vivat Alusta \u00f5pinguid Meie teenused Pakume teile j\u00e4rgmisi teenuseid Juhtimis\u00f5iguse taotlemine Transpordiametis J\u00f5uame koos peamise eesm\u00e4rgini Meist Lihtne s\u00f5idu\u00f5pe Meie \u00f5ppeprogramm on v\u00e4ga lihtne omandada. Meist Liikluseeskirjade juhend Anname teile ka t\u00e4ieliku ja l\u00f5pliku liikluseeskirjade juhendi. Meist Meie t\u00f6\u00f6protsess Alustage \u00f5ppeprotsessi koos Vivat&#8217;iga 01 Valige oma \u00f5ppepakett Enne kursuse&#8230;<\/p>\n","protected":false},"author":1,"featured_media":0,"parent":0,"menu_order":0,"comment_status":"closed","ping_status":"closed","template":"template-builder.php","meta":{"footnotes":""},"class_list":["post-43","page","type-page","status-publish","hentry"],"aioseo_notices":[],"_links":{"self":[{"href":"https:\/\/vivat.ee\/et\/wp-json\/wp\/v2\/pages\/43","targetHints":{"allow":["GET"]}}],"collection":[{"href":"https:\/\/vivat.ee\/et\/wp-json\/wp\/v2\/pages"}],"about":[{"href":"https:\/\/vivat.ee\/et\/wp-json\/wp\/v2\/types\/page"}],"author":[{"embeddable":true,"href":"https:\/\/vivat.ee\/et\/wp-json\/wp\/v2\/users\/1"}],"replies":[{"embeddable":true,"href":"https:\/\/vivat.ee\/et\/wp-json\/wp\/v2\/comments?post=43"}],"version-history":[{"count":61,"href":"https:\/\/vivat.ee\/et\/wp-json\/wp\/v2\/pages\/43\/revisions"}],"predecessor-version":[{"id":3400,"href":"https:\/\/vivat.ee\/et\/wp-json\/wp\/v2\/pages\/43\/revisions\/3400"}],"wp:attachment":[{"href":"https:\/\/vivat.ee\/et\/wp-json\/wp\/v2\/media?parent=43"}],"curies":[{"name":"wp","href":"https:\/\/api.w.org\/{rel}","templated":true}]}}